{"id":3,"date":"2023-03-01T01:21:14","date_gmt":"2023-03-01T01:21:14","guid":{"rendered":"https:\/\/leticialistening.com\/?page_id=3"},"modified":"2023-05-16T14:41:19","modified_gmt":"2023-05-16T14:41:19","slug":"privacy-policy","status":"publish","type":"page","link":"https:\/\/leticialistening.com\/es\/privacy-policy\/","title":{"rendered":"Privacy Policy"},"content":{"rendered":"<div data-elementor-type=\"wp-page\" data-elementor-id=\"3\" class=\"elementor elementor-3\" data-elementor-post-type=\"page\">\n\t\t\t\t<div class=\"elementor-element elementor-element-d441e02 e-con-full e-flex e-con e-parent\" data-id=\"d441e02\" data-element_type=\"container\" data-e-type=\"container\" data-settings=\"{&quot;background_background&quot;:&quot;classic&quot;}\">\n\t\t\t\t<div class=\"elementor-element elementor-element-e402fbf elementor-widget elementor-widget-heading\" data-id=\"e402fbf\" data-element_type=\"widget\" data-e-type=\"widget\" data-widget_type=\"heading.default\">\n\t\t\t\t\t<h2 class=\"elementor-heading-title elementor-size-default\">Leticia Actos de Escucha<\/h2>\t\t\t\t<\/div>\n\t\t\t\t<div class=\"elementor-element elementor-element-341b600 elementor-widget elementor-widget-text-editor\" data-id=\"341b600\" data-element_type=\"widget\" data-e-type=\"widget\" data-widget_type=\"text-editor.default\">\n\t\t\t\t\t\t\t\t\t<p>se compromete a respetar la privacidad de nuestros usuarios. Solo le pediremos su informaci\u00f3n personal para mantenernos en contacto con usted. Las comunicaciones por correo electr\u00f3nico se utilizan para mantenerlo informado sobre noticias, eventos y encuestas.<\/p><p>Cualquier informaci\u00f3n o dato que pueda ser recabado que permita la identificaci\u00f3n del usuario se conserva y protege como informaci\u00f3n estrictamente confidencial. Este tipo de informaci\u00f3n generalmente solo se obtiene si usted la proporciona por correo electr\u00f3nico.<\/p><p>Si bien no se intenta vincular a los usuarios individuales con la informaci\u00f3n capturada por nuestro sitio web, los siguientes datos pueden recopilarse autom\u00e1ticamente: la direcci\u00f3n IP desde la que se accede al sitio; el tipo de navegador utilizado para acceder al sitio web, la fecha y hora en que se accedi\u00f3 al sitio; las p\u00e1ginas visitadas y, en su caso, el sitio que vincula al usuario con el sitio web. Esta informaci\u00f3n ser\u00eda utilizada para mejorar nuestro sitio web. Cualquier informaci\u00f3n recopilada por el sitio web no se transferir\u00e1 a terceros de acuerdo con todas las leyes aplicables.<\/p><p>Leticia Actos de Escucha puede utilizar cookies para facilitar la navegaci\u00f3n. Las cookies son archivos inform\u00e1ticos especiales que se almacenan autom\u00e1ticamente en el ordenador del usuario. Cualquier usuario preocupado por las cookies puede consultar la informaci\u00f3n de \"ayuda\" en el software de su navegador para obtener m\u00e1s informaci\u00f3n sobre las cookies, c\u00f3mo deshabilitarlas y c\u00f3mo eliminarlas.<\/p><p>Este sitio web puede contener enlaces a otros sitios web. Leticia Actos de Escucha no es responsable del contenido ni de las pautas de privacidad de estos otros sitios.<\/p>\t\t\t\t\t\t\t\t<\/div>\n\t\t\t\t<\/div>\n\t\t\t\t<\/div>","protected":false},"excerpt":{"rendered":"<p>Leticia Listening Acts is committed to respecting the privacy of our users. We will only ask for your personal information to stay in touch with you. Email communications are used to keep you informed about news, events and surveys. Any information or data that may be collected that may allow for the identification of the [&hellip;]<\/p>\n","protected":false},"author":1,"featured_media":0,"parent":0,"menu_order":0,"comment_status":"closed","ping_status":"open","template":"","meta":{"_exactmetrics_skip_tracking":false,"_exactmetrics_sitenote_active":false,"_exactmetrics_sitenote_note":"","_exactmetrics_sitenote_category":0,"footnotes":""},"class_list":["post-3","page","type-page","status-publish","hentry"],"_links":{"self":[{"href":"https:\/\/leticialistening.com\/es\/wp-json\/wp\/v2\/pages\/3","targetHints":{"allow":["GET"]}}],"collection":[{"href":"https:\/\/leticialistening.com\/es\/wp-json\/wp\/v2\/pages"}],"about":[{"href":"https:\/\/leticialistening.com\/es\/wp-json\/wp\/v2\/types\/page"}],"author":[{"embeddable":true,"href":"https:\/\/leticialistening.com\/es\/wp-json\/wp\/v2\/users\/1"}],"replies":[{"embeddable":true,"href":"https:\/\/leticialistening.com\/es\/wp-json\/wp\/v2\/comments?post=3"}],"version-history":[{"count":42,"href":"https:\/\/leticialistening.com\/es\/wp-json\/wp\/v2\/pages\/3\/revisions"}],"predecessor-version":[{"id":1765,"href":"https:\/\/leticialistening.com\/es\/wp-json\/wp\/v2\/pages\/3\/revisions\/1765"}],"wp:attachment":[{"href":"https:\/\/leticialistening.com\/es\/wp-json\/wp\/v2\/media?parent=3"}],"curies":[{"name":"wp","href":"https:\/\/api.w.org\/{rel}","templated":true}]}}