{"id":53,"date":"2023-03-03T18:09:55","date_gmt":"2023-03-03T18:09:55","guid":{"rendered":"https:\/\/leticialistening.com\/?page_id=53"},"modified":"2023-05-24T13:05:35","modified_gmt":"2023-05-24T13:05:35","slug":"practices","status":"publish","type":"page","link":"https:\/\/leticialistening.com\/es\/practices\/","title":{"rendered":"PR\u00c1CTICAS"},"content":{"rendered":"<div data-elementor-type=\"wp-page\" data-elementor-id=\"53\" class=\"elementor elementor-53\" data-elementor-post-type=\"page\">\n\t\t\t\t<div class=\"elementor-element elementor-element-d960add e-con-full e-flex e-con e-parent\" data-id=\"d960add\" data-element_type=\"container\" data-e-type=\"container\" data-settings=\"{&quot;background_background&quot;:&quot;classic&quot;}\">\n\t\t\t\t<div class=\"elementor-element elementor-element-d10a96e elementor-widget elementor-widget-heading\" data-id=\"d10a96e\" data-element_type=\"widget\" data-e-type=\"widget\" data-widget_type=\"heading.default\">\n\t\t\t\t\t<h2 class=\"elementor-heading-title elementor-size-default\">En este espacio recopilamos, contextualizamos y profundizamos en los procesos, proyectos, pr\u00e1cticas art\u00edsticas y producciones hechos por miembros de nuestra red. <\/h2>\t\t\t\t<\/div>\n\t\t\t\t<\/div>\n\t\t<div class=\"elementor-element elementor-element-1b5b31a e-flex e-con-boxed e-con e-parent\" data-id=\"1b5b31a\" data-element_type=\"container\" data-e-type=\"container\" data-settings=\"{&quot;background_background&quot;:&quot;classic&quot;}\">\n\t\t\t\t\t<div class=\"e-con-inner\">\n\t\t\t\t<div class=\"elementor-element elementor-element-3b91701 elementor-posts__hover-none elementor-grid-3 elementor-grid-tablet-2 elementor-grid-mobile-1 elementor-posts--thumbnail-top elementor-widget elementor-widget-posts\" data-id=\"3b91701\" data-element_type=\"widget\" data-e-type=\"widget\" data-settings=\"{&quot;pagination_type&quot;:&quot;numbers_and_prev_next&quot;,&quot;cards_columns&quot;:&quot;3&quot;,&quot;cards_columns_tablet&quot;:&quot;2&quot;,&quot;cards_columns_mobile&quot;:&quot;1&quot;,&quot;cards_row_gap&quot;:{&quot;unit&quot;:&quot;px&quot;,&quot;size&quot;:35,&quot;sizes&quot;:[]},&quot;cards_row_gap_tablet&quot;:{&quot;unit&quot;:&quot;px&quot;,&quot;size&quot;:&quot;&quot;,&quot;sizes&quot;:[]},&quot;cards_row_gap_mobile&quot;:{&quot;unit&quot;:&quot;px&quot;,&quot;size&quot;:&quot;&quot;,&quot;sizes&quot;:[]}}\" data-widget_type=\"posts.cards\">\n\t\t\t\t<div class=\"elementor-widget-container\">\n\t\t\t\t\t\t\t<div class=\"elementor-posts-container elementor-posts elementor-posts--skin-cards elementor-grid\" role=\"list\">\n\t\t\t\t<article class=\"elementor-post elementor-grid-item post-1360 post type-post status-publish format-standard has-post-thumbnail hentry category-uncategorized\" role=\"listitem\">\n\t\t\t<div class=\"elementor-post__card\">\n\t\t\t\t<a class=\"elementor-post__thumbnail__link\" href=\"https:\/\/leticialistening.com\/es\/blog\/cuarto-ejemplo\/\" tabindex=\"-1\" ><div class=\"elementor-post__thumbnail\"><img fetchpriority=\"high\" decoding=\"async\" width=\"300\" height=\"200\" src=\"https:\/\/leticialistening.com\/wp-content\/uploads\/2023\/03\/mariposa-300x200.jpeg\" class=\"attachment-medium size-medium wp-image-1219\" alt=\"\" srcset=\"https:\/\/leticialistening.com\/wp-content\/uploads\/2023\/03\/mariposa-300x200.jpeg 300w, https:\/\/leticialistening.com\/wp-content\/uploads\/2023\/03\/mariposa-1024x683.jpeg 1024w, https:\/\/leticialistening.com\/wp-content\/uploads\/2023\/03\/mariposa-768x512.jpeg 768w, https:\/\/leticialistening.com\/wp-content\/uploads\/2023\/03\/mariposa-1536x1024.jpeg 1536w, https:\/\/leticialistening.com\/wp-content\/uploads\/2023\/03\/mariposa-2048x1366.jpeg 2048w, https:\/\/leticialistening.com\/wp-content\/uploads\/2023\/03\/mariposa-18x12.jpeg 18w\" sizes=\"(max-width: 300px) 100vw, 300px\" \/><\/div><\/a>\n\t\t\t\t<div class=\"elementor-post__badge\">Uncategorized<\/div>\n\t\t\t\t<div class=\"elementor-post__text\">\n\t\t\t\t<h2 class=\"elementor-post__title\">\n\t\t\t<a href=\"https:\/\/leticialistening.com\/es\/blog\/cuarto-ejemplo\/\" >\n\t\t\t\tCuarto ejemplo\t\t\t<\/a>\n\t\t<\/h2>\n\t\t\t\t<div class=\"elementor-post__excerpt\">\n\t\t\t<p>BACK TO PRACTICES La transformaci\u00f3n de Bertha Fries ENCUENTRO TRANSFORMADOR\u00a9 Los Desaf\u00edos de la Reconciliaci\u00f3n Entrevista de Natalia Orozco a Bertha Luc\u00eda Fries, 2020. https:\/\/youtu.be\/MlndRQDelXQ<\/p>\n\t\t<\/div>\n\t\t\t\t\t<div class=\"elementor-post__read-more-wrapper\">\n\t\t\n\t\t<a class=\"elementor-post__read-more\" href=\"https:\/\/leticialistening.com\/es\/blog\/cuarto-ejemplo\/\" aria-label=\"M\u00e1s informaci\u00f3n sobre Cuarto ejemplo\" tabindex=\"-1\" >\n\t\t\tRead More \u00bb\t\t<\/a>\n\n\t\t\t\t\t<\/div>\n\t\t\t\t<\/div>\n\t\t\t\t\t<\/div>\n\t\t<\/article>\n\t\t\t\t<article class=\"elementor-post elementor-grid-item post-1345 post type-post status-publish format-standard has-post-thumbnail hentry category-uncategorized\" role=\"listitem\">\n\t\t\t<div class=\"elementor-post__card\">\n\t\t\t\t<a class=\"elementor-post__thumbnail__link\" href=\"https:\/\/leticialistening.com\/es\/blog\/tercero-ejemplo\/\" tabindex=\"-1\" ><div class=\"elementor-post__thumbnail\"><img decoding=\"async\" width=\"169\" height=\"300\" src=\"https:\/\/leticialistening.com\/wp-content\/uploads\/2023\/03\/fondo-169x300.jpeg\" class=\"attachment-medium size-medium wp-image-1284\" alt=\"\" srcset=\"https:\/\/leticialistening.com\/wp-content\/uploads\/2023\/03\/fondo-169x300.jpeg 169w, https:\/\/leticialistening.com\/wp-content\/uploads\/2023\/03\/fondo-576x1024.jpeg 576w, https:\/\/leticialistening.com\/wp-content\/uploads\/2023\/03\/fondo-7x12.jpeg 7w, https:\/\/leticialistening.com\/wp-content\/uploads\/2023\/03\/fondo.jpeg 720w\" sizes=\"(max-width: 169px) 100vw, 169px\" \/><\/div><\/a>\n\t\t\t\t<div class=\"elementor-post__badge\">Uncategorized<\/div>\n\t\t\t\t<div class=\"elementor-post__text\">\n\t\t\t\t<h2 class=\"elementor-post__title\">\n\t\t\t<a href=\"https:\/\/leticialistening.com\/es\/blog\/tercero-ejemplo\/\" >\n\t\t\t\ttercero ejemplo\t\t\t<\/a>\n\t\t<\/h2>\n\t\t\t\t<div class=\"elementor-post__excerpt\">\n\t\t\t<p>BACK TO PRACTICES TERCER EJEMPLO La transformaci\u00f3n de Bertha Fries ENCUENTRO TRANSFORMADOR\u00a9 Los Desaf\u00edos de la Reconciliaci\u00f3n Entrevista de Natalia Orozco a Bertha Luc\u00eda Fries,<\/p>\n\t\t<\/div>\n\t\t\t\t\t<div class=\"elementor-post__read-more-wrapper\">\n\t\t\n\t\t<a class=\"elementor-post__read-more\" href=\"https:\/\/leticialistening.com\/es\/blog\/tercero-ejemplo\/\" aria-label=\"M\u00e1s informaci\u00f3n sobre tercero ejemplo\" tabindex=\"-1\" >\n\t\t\tRead More \u00bb\t\t<\/a>\n\n\t\t\t\t\t<\/div>\n\t\t\t\t<\/div>\n\t\t\t\t\t<\/div>\n\t\t<\/article>\n\t\t\t\t<article class=\"elementor-post elementor-grid-item post-1256 post type-post status-publish format-standard has-post-thumbnail hentry category-transitional-justice\" role=\"listitem\">\n\t\t\t<div class=\"elementor-post__card\">\n\t\t\t\t<a class=\"elementor-post__thumbnail__link\" href=\"https:\/\/leticialistening.com\/es\/blog\/case-ejemplo\/\" tabindex=\"-1\" ><div class=\"elementor-post__thumbnail\"><img decoding=\"async\" width=\"169\" height=\"300\" src=\"https:\/\/leticialistening.com\/wp-content\/uploads\/2023\/03\/fondo-169x300.jpeg\" class=\"attachment-medium size-medium wp-image-1284\" alt=\"\" srcset=\"https:\/\/leticialistening.com\/wp-content\/uploads\/2023\/03\/fondo-169x300.jpeg 169w, https:\/\/leticialistening.com\/wp-content\/uploads\/2023\/03\/fondo-576x1024.jpeg 576w, https:\/\/leticialistening.com\/wp-content\/uploads\/2023\/03\/fondo-7x12.jpeg 7w, https:\/\/leticialistening.com\/wp-content\/uploads\/2023\/03\/fondo.jpeg 720w\" sizes=\"(max-width: 169px) 100vw, 169px\" \/><\/div><\/a>\n\t\t\t\t<div class=\"elementor-post__badge\">Transitional Justice<\/div>\n\t\t\t\t<div class=\"elementor-post__text\">\n\t\t\t\t<h2 class=\"elementor-post__title\">\n\t\t\t<a href=\"https:\/\/leticialistening.com\/es\/blog\/case-ejemplo\/\" >\n\t\t\t\tCase ejemplo\t\t\t<\/a>\n\t\t<\/h2>\n\t\t\t\t<div class=\"elementor-post__excerpt\">\n\t\t\t<p>BACK TO PRACTICES PRIMER EJEMPLO La transformaci\u00f3n de Bertha Fries ENCUENTRO TRANSFORMADOR\u00a9 Los Desaf\u00edos de la Reconciliaci\u00f3n Entrevista de Natalia Orozco a Bertha Luc\u00eda Fries,<\/p>\n\t\t<\/div>\n\t\t\t\t\t<div class=\"elementor-post__read-more-wrapper\">\n\t\t\n\t\t<a class=\"elementor-post__read-more\" href=\"https:\/\/leticialistening.com\/es\/blog\/case-ejemplo\/\" aria-label=\"M\u00e1s informaci\u00f3n sobre Case ejemplo\" tabindex=\"-1\" >\n\t\t\tRead More \u00bb\t\t<\/a>\n\n\t\t\t\t\t<\/div>\n\t\t\t\t<\/div>\n\t\t\t\t\t<\/div>\n\t\t<\/article>\n\t\t\t\t<article class=\"elementor-post elementor-grid-item post-1174 post type-post status-publish format-standard has-post-thumbnail hentry category-colombia category-transitional-justice\" role=\"listitem\">\n\t\t\t<div class=\"elementor-post__card\">\n\t\t\t\t<a class=\"elementor-post__thumbnail__link\" href=\"https:\/\/leticialistening.com\/es\/blog\/bertha-lucia-fries-martinez\/\" tabindex=\"-1\" ><div class=\"elementor-post__thumbnail\"><img fetchpriority=\"high\" decoding=\"async\" width=\"300\" height=\"200\" src=\"https:\/\/leticialistening.com\/wp-content\/uploads\/2023\/03\/mariposa-300x200.jpeg\" class=\"attachment-medium size-medium wp-image-1219\" alt=\"\" srcset=\"https:\/\/leticialistening.com\/wp-content\/uploads\/2023\/03\/mariposa-300x200.jpeg 300w, https:\/\/leticialistening.com\/wp-content\/uploads\/2023\/03\/mariposa-1024x683.jpeg 1024w, https:\/\/leticialistening.com\/wp-content\/uploads\/2023\/03\/mariposa-768x512.jpeg 768w, https:\/\/leticialistening.com\/wp-content\/uploads\/2023\/03\/mariposa-1536x1024.jpeg 1536w, https:\/\/leticialistening.com\/wp-content\/uploads\/2023\/03\/mariposa-2048x1366.jpeg 2048w, https:\/\/leticialistening.com\/wp-content\/uploads\/2023\/03\/mariposa-18x12.jpeg 18w\" sizes=\"(max-width: 300px) 100vw, 300px\" \/><\/div><\/a>\n\t\t\t\t<div class=\"elementor-post__badge\">Colombia<\/div>\n\t\t\t\t<div class=\"elementor-post__text\">\n\t\t\t\t<h2 class=\"elementor-post__title\">\n\t\t\t<a href=\"https:\/\/leticialistening.com\/es\/blog\/bertha-lucia-fries-martinez\/\" >\n\t\t\t\tBertha Lucia Fries Martinez\t\t\t<\/a>\n\t\t<\/h2>\n\t\t\t\t<div class=\"elementor-post__excerpt\">\n\t\t\t<p>BACK TO PRACTICES La transformaci\u00f3n de Bertha Fries ENCUENTRO TRANSFORMADOR\u00a9 Los Desaf\u00edos de la Reconciliaci\u00f3n Entrevista de Natalia Orozco a Bertha Luc\u00eda Fries, 2020. https:\/\/youtu.be\/MlndRQDelXQ<\/p>\n\t\t<\/div>\n\t\t\t\t\t<div class=\"elementor-post__read-more-wrapper\">\n\t\t\n\t\t<a class=\"elementor-post__read-more\" href=\"https:\/\/leticialistening.com\/es\/blog\/bertha-lucia-fries-martinez\/\" aria-label=\"M\u00e1s informaci\u00f3n sobre Bertha Lucia Fries Martinez\" tabindex=\"-1\" >\n\t\t\tRead More \u00bb\t\t<\/a>\n\n\t\t\t\t\t<\/div>\n\t\t\t\t<\/div>\n\t\t\t\t\t<\/div>\n\t\t<\/article>\n\t\t\t\t<\/div>\n\t\t\n\t\t\t\t\t\t<\/div>\n\t\t\t\t<\/div>\n\t\t\t\t\t<\/div>\n\t\t\t\t<\/div>\n\t\t\t\t<\/div>","protected":false},"excerpt":{"rendered":"<p>En este espacio recopilamos, contextualizamos y profundizamos en los procesos, proyectos, pr\u00e1cticas art\u00edsticas y producciones hechos por miembros de nuestra red.<\/p>","protected":false},"author":1,"featured_media":0,"parent":0,"menu_order":0,"comment_status":"closed","ping_status":"closed","template":"","meta":{"_exactmetrics_skip_tracking":false,"_exactmetrics_sitenote_active":false,"_exactmetrics_sitenote_note":"","_exactmetrics_sitenote_category":0,"footnotes":""},"class_list":["post-53","page","type-page","status-publish","hentry"],"_links":{"self":[{"href":"https:\/\/leticialistening.com\/es\/wp-json\/wp\/v2\/pages\/53","targetHints":{"allow":["GET"]}}],"collection":[{"href":"https:\/\/leticialistening.com\/es\/wp-json\/wp\/v2\/pages"}],"about":[{"href":"https:\/\/leticialistening.com\/es\/wp-json\/wp\/v2\/types\/page"}],"author":[{"embeddable":true,"href":"https:\/\/leticialistening.com\/es\/wp-json\/wp\/v2\/users\/1"}],"replies":[{"embeddable":true,"href":"https:\/\/leticialistening.com\/es\/wp-json\/wp\/v2\/comments?post=53"}],"version-history":[{"count":83,"href":"https:\/\/leticialistening.com\/es\/wp-json\/wp\/v2\/pages\/53\/revisions"}],"predecessor-version":[{"id":1807,"href":"https:\/\/leticialistening.com\/es\/wp-json\/wp\/v2\/pages\/53\/revisions\/1807"}],"wp:attachment":[{"href":"https:\/\/leticialistening.com\/es\/wp-json\/wp\/v2\/media?parent=53"}],"curies":[{"name":"wp","href":"https:\/\/api.w.org\/{rel}","templated":true}]}}