{"id":57,"date":"2023-03-03T18:11:16","date_gmt":"2023-03-03T18:11:16","guid":{"rendered":"https:\/\/leticialistening.com\/?page_id=57"},"modified":"2023-05-16T03:10:35","modified_gmt":"2023-05-16T03:10:35","slug":"research","status":"publish","type":"page","link":"https:\/\/leticialistening.com\/es\/research\/","title":{"rendered":"INVESTIGACI\u00d3N"},"content":{"rendered":"<div data-elementor-type=\"wp-page\" data-elementor-id=\"57\" class=\"elementor elementor-57\" data-elementor-post-type=\"page\">\n\t\t\t\t<div class=\"elementor-element elementor-element-2137cf5 e-con-full e-flex e-con e-parent\" data-id=\"2137cf5\" data-element_type=\"container\" data-e-type=\"container\" data-settings=\"{&quot;background_background&quot;:&quot;classic&quot;}\">\n\t\t\t\t<div class=\"elementor-element elementor-element-c9154d3 elementor-widget elementor-widget-heading\" data-id=\"c9154d3\" data-element_type=\"widget\" data-e-type=\"widget\" data-widget_type=\"heading.default\">\n\t\t\t\t\t<h2 class=\"elementor-heading-title elementor-size-default\">Hemos desarrollado y apoyado los siguientes proyectos de investigaci\u00f3n e investigaci\u00f3n-creaci\u00f3n<\/h2>\t\t\t\t<\/div>\n\t\t\t\t<\/div>\n\t\t<div class=\"elementor-element elementor-element-3e6e72a e-flex e-con-boxed e-con e-parent\" data-id=\"3e6e72a\" data-element_type=\"container\" data-e-type=\"container\" data-settings=\"{&quot;background_background&quot;:&quot;classic&quot;}\">\n\t\t\t\t\t<div class=\"e-con-inner\">\n\t\t<a class=\"elementor-element elementor-element-39a659f e-con-full e-flex e-con e-parent\" data-id=\"39a659f\" data-element_type=\"container\" data-e-type=\"container\" href=\"https:\/\/leticialistening.com\/we-must-meet-podcast\/\" target=\"_blank\">\n\t\t<div class=\"elementor-element elementor-element-8f41371 e-flex e-con-boxed e-con e-parent\" data-id=\"8f41371\" data-element_type=\"container\" data-e-type=\"container\" data-settings=\"{&quot;background_background&quot;:&quot;classic&quot;}\">\n\t\t\t\t\t<div class=\"e-con-inner\">\n\t\t\t\t<div class=\"elementor-element elementor-element-702c561 elementor-widget elementor-widget-image\" data-id=\"702c561\" data-element_type=\"widget\" data-e-type=\"widget\" data-widget_type=\"image.default\">\n\t\t\t\t\t\t\t\t\t\t\t\t\t\t\t<img fetchpriority=\"high\" decoding=\"async\" width=\"1000\" height=\"1000\" src=\"https:\/\/leticialistening.com\/wp-content\/uploads\/2023\/04\/cover_ene.jpg\" class=\"attachment-full size-full wp-image-1447\" alt=\"\" srcset=\"https:\/\/leticialistening.com\/wp-content\/uploads\/2023\/04\/cover_ene.jpg 1000w, https:\/\/leticialistening.com\/wp-content\/uploads\/2023\/04\/cover_ene-300x300.jpg 300w, https:\/\/leticialistening.com\/wp-content\/uploads\/2023\/04\/cover_ene-150x150.jpg 150w, https:\/\/leticialistening.com\/wp-content\/uploads\/2023\/04\/cover_ene-768x768.jpg 768w, https:\/\/leticialistening.com\/wp-content\/uploads\/2023\/04\/cover_ene-12x12.jpg 12w\" sizes=\"(max-width: 1000px) 100vw, 1000px\" \/>\t\t\t\t\t\t\t\t\t\t\t\t\t\t\t<\/div>\n\t\t\t\t<div class=\"elementor-element elementor-element-a5b59a4 elementor-widget elementor-widget-heading\" data-id=\"a5b59a4\" data-element_type=\"widget\" data-e-type=\"widget\" data-widget_type=\"heading.default\">\n\t\t\t\t\t<h2 class=\"elementor-heading-title elementor-size-default\">Es Necesario Encontrarnos - un podcast<\/h2>\t\t\t\t<\/div>\n\t\t\t\t\t<\/div>\n\t\t\t\t<\/div>\n\t\t\t\t<\/a>\n\t\t<a class=\"elementor-element elementor-element-121721e e-flex e-con-boxed e-con e-parent\" data-id=\"121721e\" data-element_type=\"container\" data-e-type=\"container\" href=\"https:\/\/leticialistening.com\/spaces-restorative-transitional-justice\/\" target=\"_blank\">\n\t\t\t\t\t<div class=\"e-con-inner\">\n\t\t<div class=\"elementor-element elementor-element-90859c4 e-flex e-con-boxed e-con e-parent\" data-id=\"90859c4\" data-element_type=\"container\" data-e-type=\"container\" data-settings=\"{&quot;background_background&quot;:&quot;classic&quot;}\">\n\t\t\t\t\t<div class=\"e-con-inner\">\n\t\t\t\t<div class=\"elementor-element elementor-element-a1212fd elementor-widget elementor-widget-image\" data-id=\"a1212fd\" data-element_type=\"widget\" data-e-type=\"widget\" data-widget_type=\"image.default\">\n\t\t\t\t\t\t\t\t\t\t\t\t\t\t\t<img decoding=\"async\" width=\"1200\" height=\"927\" src=\"https:\/\/leticialistening.com\/wp-content\/uploads\/2023\/04\/Spaces_Justice.jpg\" class=\"attachment-full size-full wp-image-1451\" alt=\"\" srcset=\"https:\/\/leticialistening.com\/wp-content\/uploads\/2023\/04\/Spaces_Justice.jpg 1200w, https:\/\/leticialistening.com\/wp-content\/uploads\/2023\/04\/Spaces_Justice-300x232.jpg 300w, https:\/\/leticialistening.com\/wp-content\/uploads\/2023\/04\/Spaces_Justice-1024x791.jpg 1024w, https:\/\/leticialistening.com\/wp-content\/uploads\/2023\/04\/Spaces_Justice-768x593.jpg 768w, https:\/\/leticialistening.com\/wp-content\/uploads\/2023\/04\/Spaces_Justice-16x12.jpg 16w\" sizes=\"(max-width: 1200px) 100vw, 1200px\" \/>\t\t\t\t\t\t\t\t\t\t\t\t\t\t\t<\/div>\n\t\t\t\t<div class=\"elementor-element elementor-element-a672ba0 elementor-widget elementor-widget-heading\" data-id=\"a672ba0\" data-element_type=\"widget\" data-e-type=\"widget\" data-widget_type=\"heading.default\">\n\t\t\t\t\t<h2 class=\"elementor-heading-title elementor-size-default\">Espacios de Justicia Restaurativa\ny Transicional<\/h2>\t\t\t\t<\/div>\n\t\t\t\t\t<\/div>\n\t\t\t\t<\/div>\n\t\t\t\t\t<\/div>\n\t\t\t\t<\/a>\n\t\t\t\t\t<\/div>\n\t\t\t\t<\/div>\n\t\t\t\t<\/div>","protected":false},"excerpt":{"rendered":"<p>We have developed and supported the following research and research-creation projects We must meet. &#8211; a podcast The Spaces of Restorative and Transitional Justic<\/p>","protected":false},"author":1,"featured_media":0,"parent":0,"menu_order":0,"comment_status":"closed","ping_status":"closed","template":"","meta":{"_exactmetrics_skip_tracking":false,"_exactmetrics_sitenote_active":false,"_exactmetrics_sitenote_note":"","_exactmetrics_sitenote_category":0,"footnotes":""},"class_list":["post-57","page","type-page","status-publish","hentry"],"_links":{"self":[{"href":"https:\/\/leticialistening.com\/es\/wp-json\/wp\/v2\/pages\/57","targetHints":{"allow":["GET"]}}],"collection":[{"href":"https:\/\/leticialistening.com\/es\/wp-json\/wp\/v2\/pages"}],"about":[{"href":"https:\/\/leticialistening.com\/es\/wp-json\/wp\/v2\/types\/page"}],"author":[{"embeddable":true,"href":"https:\/\/leticialistening.com\/es\/wp-json\/wp\/v2\/users\/1"}],"replies":[{"embeddable":true,"href":"https:\/\/leticialistening.com\/es\/wp-json\/wp\/v2\/comments?post=57"}],"version-history":[{"count":80,"href":"https:\/\/leticialistening.com\/es\/wp-json\/wp\/v2\/pages\/57\/revisions"}],"predecessor-version":[{"id":1703,"href":"https:\/\/leticialistening.com\/es\/wp-json\/wp\/v2\/pages\/57\/revisions\/1703"}],"wp:attachment":[{"href":"https:\/\/leticialistening.com\/es\/wp-json\/wp\/v2\/media?parent=57"}],"curies":[{"name":"wp","href":"https:\/\/api.w.org\/{rel}","templated":true}]}}