{"id":89,"date":"2023-03-18T00:17:24","date_gmt":"2023-03-18T00:17:24","guid":{"rendered":"https:\/\/leticialistening.com\/spaces-restorative-transitional-justice\/?page_id=89"},"modified":"2023-08-29T00:11:59","modified_gmt":"2023-08-29T00:11:59","slug":"about","status":"publish","type":"page","link":"https:\/\/leticialistening.com\/spaces-restorative-transitional-justice\/es\/","title":{"rendered":"ACERCA"},"content":{"rendered":"<div data-elementor-type=\"wp-page\" data-elementor-id=\"89\" class=\"elementor elementor-89\" data-elementor-post-type=\"page\">\n\t\t\t\t<div class=\"elementor-element elementor-element-eee3e26 e-con-full e-flex e-con e-parent\" data-id=\"eee3e26\" data-element_type=\"container\" data-e-type=\"container\">\n\t\t<div class=\"elementor-element elementor-element-cfcee12 e-flex e-con-boxed e-con e-parent\" data-id=\"cfcee12\" data-element_type=\"container\" data-e-type=\"container\">\n\t\t\t\t\t<div class=\"e-con-inner\">\n\t\t\t\t<div class=\"elementor-element elementor-element-ed6785a elementor-widget elementor-widget-heading\" data-id=\"ed6785a\" data-element_type=\"widget\" data-e-type=\"widget\" data-widget_type=\"heading.default\">\n\t\t\t\t\t<h1 class=\"elementor-heading-title elementor-size-default\">Los Espacios de Justicia<p>\nRestaurativa y Transicional<\/p><\/h1>\t\t\t\t<\/div>\n\t\t\t\t\t<\/div>\n\t\t\t\t<\/div>\n\t\t<div class=\"elementor-element elementor-element-06aadf7 e-flex e-con-boxed e-con e-parent\" data-id=\"06aadf7\" data-element_type=\"container\" data-e-type=\"container\">\n\t\t\t\t\t<div class=\"e-con-inner\">\n\t\t\t\t<div class=\"elementor-element elementor-element-e7ac697 elementor-widget elementor-widget-image\" data-id=\"e7ac697\" data-element_type=\"widget\" data-e-type=\"widget\" data-widget_type=\"image.default\">\n\t\t\t\t\t\t\t\t\t\t\t\t\t\t\t<img fetchpriority=\"high\" decoding=\"async\" width=\"1200\" height=\"927\" src=\"https:\/\/leticialistening.com\/spaces-restorative-transitional-justice\/wp-content\/uploads\/sites\/2\/2023\/03\/Spaces_Justice.jpg\" class=\"attachment-full size-full wp-image-204\" alt=\"\" srcset=\"https:\/\/leticialistening.com\/spaces-restorative-transitional-justice\/wp-content\/uploads\/sites\/2\/2023\/03\/Spaces_Justice.jpg 1200w, https:\/\/leticialistening.com\/spaces-restorative-transitional-justice\/wp-content\/uploads\/sites\/2\/2023\/03\/Spaces_Justice-300x232.jpg 300w, https:\/\/leticialistening.com\/spaces-restorative-transitional-justice\/wp-content\/uploads\/sites\/2\/2023\/03\/Spaces_Justice-1024x791.jpg 1024w, https:\/\/leticialistening.com\/spaces-restorative-transitional-justice\/wp-content\/uploads\/sites\/2\/2023\/03\/Spaces_Justice-768x593.jpg 768w, https:\/\/leticialistening.com\/spaces-restorative-transitional-justice\/wp-content\/uploads\/sites\/2\/2023\/03\/Spaces_Justice-16x12.jpg 16w\" sizes=\"(max-width: 1200px) 100vw, 1200px\" \/>\t\t\t\t\t\t\t\t\t\t\t\t\t\t\t<\/div>\n\t\t\t\t<div class=\"elementor-element elementor-element-6c6aafd elementor-widget elementor-widget-text-editor\" data-id=\"6c6aafd\" data-element_type=\"widget\" data-e-type=\"widget\" data-widget_type=\"text-editor.default\">\n\t\t\t\t\t\t\t\t\t<p style=\"text-align: right;\" class=\" translation-block\">Im\u00e1gen:  <strong>Marcela Torres<\/strong> inspirada en el espacio de c\u00edrculo en Precious Blood Ministry of Reconciliation<\/p>\t\t\t\t\t\t\t\t<\/div>\n\t\t\t\t\t<\/div>\n\t\t\t\t<\/div>\n\t\t\t\t<\/div>\n\t\t<div class=\"elementor-element elementor-element-72af219 e-con-full e-flex e-con e-parent\" data-id=\"72af219\" data-element_type=\"container\" data-e-type=\"container\" data-settings=\"{&quot;background_background&quot;:&quot;classic&quot;}\">\n\t\t<div class=\"elementor-element elementor-element-648d1e2 e-flex e-con-boxed e-con e-parent\" data-id=\"648d1e2\" data-element_type=\"container\" data-e-type=\"container\">\n\t\t\t\t\t<div class=\"e-con-inner\">\n\t\t\t\t<div class=\"elementor-element elementor-element-acaceda elementor-widget elementor-widget-text-editor\" data-id=\"acaceda\" data-element_type=\"widget\" data-e-type=\"widget\" data-widget_type=\"text-editor.default\">\n\t\t\t\t\t\t\t\t\t<p>La justicia restaurativa es una forma alternativa de justicia que busca lograr la reconciliaci\u00f3n entre ofensores y sobrevivientes de un conflicto. La justicia transicional tiene objetivos similares pero apunta a fomentar la reconciliaci\u00f3n a mayor escala, entre ofensores y colectividades oprimidas como comunidades e incluso naciones. Los valores de \"verdad, rendici\u00f3n de cuentas, reparaci\u00f3n, reconciliaci\u00f3n, resoluci\u00f3n de conflictos y participaci\u00f3n democr\u00e1tica\" son fundamentales para la justicia restaurativa y la transicional, pues se espera que las dos promuevan el entender el porqu\u00e9 de un conflicto y el c\u00f3mo conseguir reconciliaci\u00f3n tras una guerra, cualquier forma de colonialismo o disputa violenta (O 'Mahony y Doak 2012: 305. DOI: <span style=\"text-decoration: underline;\"><span style=\"color: #ffffff; text-decoration: underline;\"><a style=\"color: #ffffff; text-decoration: underline;\" href=\"https:\/\/brill.com\/view\/journals\/icla\/12\/3\/article-p305_1.xml\" target=\"_blank\" rel=\"noopener\">10.1163\/157181212X650010<\/a>).<\/span><\/span> 10.1163 \/ 157181212X650010). Fundamentalmente ambas justicias tienen como objetivo reparar la ruptura de lazos sociales a trav\u00e9s de comunicar la verdad y presenciar y enfrentar las atrocidades cometidas en el pasado.<\/p><p>En algunos pa\u00edses como Colombia, existen principios de dise\u00f1o bien desarrollados sobre c\u00f3mo deber\u00eda verse y sentirse la reconciliaci\u00f3n en un sentido espacial. En Canad\u00e1, por el contrario durante las actividades de la Comisi\u00f3n de la Verdad y la Reconciliaci\u00f3n, los trabajadores de la justicia alternativa tuvieron que acomodarse  a espacios  como escuelas e iglesias, que no serv\u00edan directamente un prop\u00f3sito de reconciliaci\u00f3n y que en algunos casos estaban vinculados con el trauma que la comisi\u00f3n buscaba aliviar.  Los Espacios de Justicia Restaurativa y Transicional es un proyecto de investigaci\u00f3n de la Universidad de Concordia, Montreal, Canad\u00e1, que se cuestiona las caracter\u00edsticas de los espacios usados para la pr\u00e1ctica de justicias alternativas y c\u00f3mo se podr\u00eda llegar a aprender de profesionales en arquitectura, facilitadores y conocedores de justicias no tradicionales para conseguir mejores espacios enfocados en este prop\u00f3sito.    Los espacios y las pr\u00e1cticas carcelarias tradicionales son generalmente inadecuadas y en ocasiones pueden ser detonantes de trauma para los sobrevivientes de genocidios, conflictos internos y colonizaci\u00f3n.  Nuestra investigaci\u00f3n tiene como objetivo convertirse en una herramienta open source para participantes y trabajadores de justicia restaurativa y transicional alrededor del mundo. En esta p\u00e1gina web usted encontrar\u00e1:  35 casos de estudio de espacios para justicias no tradicionales, tanto construidos para dicho prop\u00f3sito como adecuados para este,  35 entrevistas a diferentes individuos involucrados en el campo de las justicias alternativas y en oto\u00f1o 2022 (hemisferio norte), una serie de dise\u00f1os arquitect\u00f3nicos producidos por estudiantes de la escuela de Arquitectura Universidad de McGill, que responder\u00e1n a esta investigaci\u00f3n y propondr\u00e1n soluciones provisionales a las necesidades de las justicias alternativas en diferentes escalas.<\/p><p>Este proyecto est\u00e1 liderado por la Doctora Cynthia Hammond (Departamento Historia del Arte, Universidad de Concordia), en colaboraci\u00f3n con el Doctor Luis Sotelo Castro (Laboratorio de actos de escucha\/ Departamento de Teatro, Universidad de Concordia), la Doctora  Ipek T\u00fcreli (Catedr\u00e1tica de investigaci\u00f3n de Canad\u00e1 para la arquitectura de espacios de Justicia, escuela de Arquitectura de Universidad de McGill) y un equipo de asistentes de investigaci\u00f3n (ver equipo.)<\/p>\t\t\t\t\t\t\t\t<\/div>\n\t\t\t\t\t<\/div>\n\t\t\t\t<\/div>\n\t\t\t\t<\/div>\n\t\t\t\t<\/div>","protected":false},"excerpt":{"rendered":"<p>The Spaces of Restorative and Transitional Justice Image by Marcela Torres, inspired by Circle space at Precious Blood Ministry of Reconciliation Restorative justice is an alternative form of justice that seeks to effect reconciliation between perpetrators and survivors. Transitional justice has similar goals but aims to foster reconciliation between offenders and oppressed groups at the [&hellip;]<\/p>\n","protected":false},"author":1,"featured_media":0,"parent":0,"menu_order":0,"comment_status":"closed","ping_status":"closed","template":"","meta":{"_exactmetrics_skip_tracking":false,"_exactmetrics_sitenote_active":false,"_exactmetrics_sitenote_note":"","_exactmetrics_sitenote_category":0,"footnotes":""},"class_list":["post-89","page","type-page","status-publish","hentry"],"_links":{"self":[{"href":"https:\/\/leticialistening.com\/spaces-restorative-transitional-justice\/es\/wp-json\/wp\/v2\/pages\/89","targetHints":{"allow":["GET"]}}],"collection":[{"href":"https:\/\/leticialistening.com\/spaces-restorative-transitional-justice\/es\/wp-json\/wp\/v2\/pages"}],"about":[{"href":"https:\/\/leticialistening.com\/spaces-restorative-transitional-justice\/es\/wp-json\/wp\/v2\/types\/page"}],"author":[{"embeddable":true,"href":"https:\/\/leticialistening.com\/spaces-restorative-transitional-justice\/es\/wp-json\/wp\/v2\/users\/1"}],"replies":[{"embeddable":true,"href":"https:\/\/leticialistening.com\/spaces-restorative-transitional-justice\/es\/wp-json\/wp\/v2\/comments?post=89"}],"version-history":[{"count":73,"href":"https:\/\/leticialistening.com\/spaces-restorative-transitional-justice\/es\/wp-json\/wp\/v2\/pages\/89\/revisions"}],"predecessor-version":[{"id":2651,"href":"https:\/\/leticialistening.com\/spaces-restorative-transitional-justice\/es\/wp-json\/wp\/v2\/pages\/89\/revisions\/2651"}],"wp:attachment":[{"href":"https:\/\/leticialistening.com\/spaces-restorative-transitional-justice\/es\/wp-json\/wp\/v2\/media?parent=89"}],"curies":[{"name":"wp","href":"https:\/\/api.w.org\/{rel}","templated":true}]}}