{"id":97,"date":"2023-03-18T00:22:28","date_gmt":"2023-03-18T00:22:28","guid":{"rendered":"https:\/\/leticialistening.com\/spaces-restorative-transitional-justice\/?page_id=97"},"modified":"2026-02-28T23:00:00","modified_gmt":"2026-02-28T23:00:00","slug":"designs","status":"publish","type":"page","link":"https:\/\/leticialistening.com\/spaces-restorative-transitional-justice\/es\/designs\/","title":{"rendered":"DISE\u00d1OS"},"content":{"rendered":"<div data-elementor-type=\"wp-page\" data-elementor-id=\"97\" class=\"elementor elementor-97\" data-elementor-post-type=\"page\">\n\t\t\t\t<div class=\"elementor-element elementor-element-03482b1 e-con-full e-flex e-con e-parent\" data-id=\"03482b1\" data-element_type=\"container\" data-e-type=\"container\" data-settings=\"{&quot;background_background&quot;:&quot;classic&quot;}\">\n\t\t<div class=\"elementor-element elementor-element-a14dfc5 e-flex e-con-boxed e-con e-child\" data-id=\"a14dfc5\" data-element_type=\"container\" data-e-type=\"container\">\n\t\t\t\t\t<div class=\"e-con-inner\">\n\t\t\t\t<div class=\"elementor-element elementor-element-2fc48f1 elementor-widget elementor-widget-heading\" data-id=\"2fc48f1\" data-element_type=\"widget\" data-e-type=\"widget\" data-widget_type=\"heading.default\">\n\t\t\t\t\t<h1 class=\"elementor-heading-title elementor-size-default\">Dise\u00f1os<\/h1>\t\t\t\t<\/div>\n\t\t\t\t<div class=\"elementor-element elementor-element-fdc21ae elementor-widget elementor-widget-text-editor\" data-id=\"fdc21ae\" data-element_type=\"widget\" data-e-type=\"widget\" data-widget_type=\"text-editor.default\">\n\t\t\t\t\t\t\t\t\t<p>En 2022, compartimos nuestro trabajo de investigaci\u00f3n con un grupo de estudiantes de arquitectura de la Universidad McGill,  bajo la direcci\u00f3n de la Doctora Ipek T\u00fcreli. Utilizando este material como base, se invit\u00f3 a los estudiantes a crear soluciones provisionales a los desaf\u00edos de dise\u00f1o y las necesidades espaciales para las  justicias restaurativa y transicional.  El visitante encontrar\u00e1 aqu\u00ed una selecci\u00f3n de proyectos que responden a dichas necesidades en diferentes escalas.<\/p>\t\t\t\t\t\t\t\t<\/div>\n\t\t\t\t\t<\/div>\n\t\t\t\t<\/div>\n\t\t\t\t<\/div>\n\t\t<div class=\"elementor-element elementor-element-dea6ae7 e-con-full e-flex e-con e-parent\" data-id=\"dea6ae7\" data-element_type=\"container\" data-e-type=\"container\" data-settings=\"{&quot;background_background&quot;:&quot;classic&quot;}\">\n\t\t<div class=\"elementor-element elementor-element-c7478f9 e-flex e-con-boxed e-con e-child\" data-id=\"c7478f9\" data-element_type=\"container\" data-e-type=\"container\">\n\t\t\t\t\t<div class=\"e-con-inner\">\n\t\t\t\t<div class=\"elementor-element elementor-element-e44e678 elementor-posts__hover-none elementor-grid-2 elementor-grid-tablet-2 elementor-grid-mobile-1 elementor-posts--thumbnail-top elementor-widget elementor-widget-posts\" data-id=\"e44e678\" data-element_type=\"widget\" data-e-type=\"widget\" data-settings=\"{&quot;pagination_type&quot;:&quot;numbers_and_prev_next&quot;,&quot;cards_masonry&quot;:&quot;yes&quot;,&quot;cards_columns&quot;:&quot;2&quot;,&quot;cards_columns_tablet&quot;:&quot;2&quot;,&quot;cards_columns_mobile&quot;:&quot;1&quot;,&quot;cards_row_gap&quot;:{&quot;unit&quot;:&quot;px&quot;,&quot;size&quot;:35,&quot;sizes&quot;:[]},&quot;cards_row_gap_tablet&quot;:{&quot;unit&quot;:&quot;px&quot;,&quot;size&quot;:&quot;&quot;,&quot;sizes&quot;:[]},&quot;cards_row_gap_mobile&quot;:{&quot;unit&quot;:&quot;px&quot;,&quot;size&quot;:&quot;&quot;,&quot;sizes&quot;:[]}}\" data-widget_type=\"posts.cards\">\n\t\t\t\t<div class=\"elementor-widget-container\">\n\t\t\t\t\t\t\t<div class=\"elementor-posts-container elementor-posts elementor-posts--skin-cards elementor-grid\" role=\"list\">\n\t\t\t\t<article class=\"elementor-post elementor-grid-item post-848 post type-post status-publish format-standard has-post-thumbnail hentry category-designs\" role=\"listitem\">\n\t\t\t<div class=\"elementor-post__card\">\n\t\t\t\t<a class=\"elementor-post__thumbnail__link\" href=\"https:\/\/leticialistening.com\/spaces-restorative-transitional-justice\/es\/the-itinerant-landback-museum\/\" tabindex=\"-1\" ><div class=\"elementor-post__thumbnail\"><img fetchpriority=\"high\" decoding=\"async\" width=\"300\" height=\"178\" src=\"https:\/\/leticialistening.com\/spaces-restorative-transitional-justice\/wp-content\/uploads\/sites\/2\/2023\/04\/The-museum-stays-open-at-night-shifting-to-a-more-supportive-program--300x178.jpg\" class=\"attachment-medium size-medium wp-image-849\" alt=\"\" srcset=\"https:\/\/leticialistening.com\/spaces-restorative-transitional-justice\/wp-content\/uploads\/sites\/2\/2023\/04\/The-museum-stays-open-at-night-shifting-to-a-more-supportive-program--300x178.jpg 300w, https:\/\/leticialistening.com\/spaces-restorative-transitional-justice\/wp-content\/uploads\/sites\/2\/2023\/04\/The-museum-stays-open-at-night-shifting-to-a-more-supportive-program--768x457.jpg 768w, https:\/\/leticialistening.com\/spaces-restorative-transitional-justice\/wp-content\/uploads\/sites\/2\/2023\/04\/The-museum-stays-open-at-night-shifting-to-a-more-supportive-program--18x12.jpg 18w, https:\/\/leticialistening.com\/spaces-restorative-transitional-justice\/wp-content\/uploads\/sites\/2\/2023\/04\/The-museum-stays-open-at-night-shifting-to-a-more-supportive-program-.jpg 787w\" sizes=\"(max-width: 300px) 100vw, 300px\" \/><\/div><\/a>\n\t\t\t\t<div class=\"elementor-post__badge\">DISE\u00d1OS<\/div>\n\t\t\t\t<div class=\"elementor-post__text\">\n\t\t\t\t<h2 class=\"elementor-post__title\">\n\t\t\t<a href=\"https:\/\/leticialistening.com\/spaces-restorative-transitional-justice\/es\/the-itinerant-landback-museum\/\" >\n\t\t\t\tEl Itinerant Landback Museum\t\t\t<\/a>\n\t\t<\/h2>\n\t\t\n\t\t<a class=\"elementor-post__read-more\" href=\"https:\/\/leticialistening.com\/spaces-restorative-transitional-justice\/es\/the-itinerant-landback-museum\/\" aria-label=\"M\u00e1s informaci\u00f3n sobre The Itinerant Landback Museum\" tabindex=\"-1\" >\n\t\t\tLeer m\u00e1s \u00bb\t\t<\/a>\n\n\t\t\t\t<\/div>\n\t\t\t\t\t<\/div>\n\t\t<\/article>\n\t\t\t\t<article class=\"elementor-post elementor-grid-item post-832 post type-post status-publish format-standard has-post-thumbnail hentry category-designs\" role=\"listitem\">\n\t\t\t<div class=\"elementor-post__card\">\n\t\t\t\t<a class=\"elementor-post__thumbnail__link\" href=\"https:\/\/leticialistening.com\/spaces-restorative-transitional-justice\/es\/growing-justice\/\" tabindex=\"-1\" ><div class=\"elementor-post__thumbnail\"><img decoding=\"async\" width=\"300\" height=\"178\" src=\"https:\/\/leticialistening.com\/spaces-restorative-transitional-justice\/wp-content\/uploads\/sites\/2\/2023\/04\/Growing-justice-300x178.jpg\" class=\"attachment-medium size-medium wp-image-833\" alt=\"\" srcset=\"https:\/\/leticialistening.com\/spaces-restorative-transitional-justice\/wp-content\/uploads\/sites\/2\/2023\/04\/Growing-justice-300x178.jpg 300w, https:\/\/leticialistening.com\/spaces-restorative-transitional-justice\/wp-content\/uploads\/sites\/2\/2023\/04\/Growing-justice-768x457.jpg 768w, https:\/\/leticialistening.com\/spaces-restorative-transitional-justice\/wp-content\/uploads\/sites\/2\/2023\/04\/Growing-justice-18x12.jpg 18w, https:\/\/leticialistening.com\/spaces-restorative-transitional-justice\/wp-content\/uploads\/sites\/2\/2023\/04\/Growing-justice.jpg 787w\" sizes=\"(max-width: 300px) 100vw, 300px\" \/><\/div><\/a>\n\t\t\t\t<div class=\"elementor-post__badge\">DISE\u00d1OS<\/div>\n\t\t\t\t<div class=\"elementor-post__text\">\n\t\t\t\t<h2 class=\"elementor-post__title\">\n\t\t\t<a href=\"https:\/\/leticialistening.com\/spaces-restorative-transitional-justice\/es\/growing-justice\/\" >\n\t\t\t\tGrowing Justice\t\t\t<\/a>\n\t\t<\/h2>\n\t\t\n\t\t<a class=\"elementor-post__read-more\" href=\"https:\/\/leticialistening.com\/spaces-restorative-transitional-justice\/es\/growing-justice\/\" aria-label=\"M\u00e1s informaci\u00f3n sobre Growing Justice\" tabindex=\"-1\" >\n\t\t\tLeer m\u00e1s \u00bb\t\t<\/a>\n\n\t\t\t\t<\/div>\n\t\t\t\t\t<\/div>\n\t\t<\/article>\n\t\t\t\t<article class=\"elementor-post elementor-grid-item post-779 post type-post status-publish format-standard has-post-thumbnail hentry category-designs\" role=\"listitem\">\n\t\t\t<div class=\"elementor-post__card\">\n\t\t\t\t<a class=\"elementor-post__thumbnail__link\" href=\"https:\/\/leticialistening.com\/spaces-restorative-transitional-justice\/es\/common-ground\/\" tabindex=\"-1\" ><div class=\"elementor-post__thumbnail\"><img decoding=\"async\" width=\"300\" height=\"178\" src=\"https:\/\/leticialistening.com\/spaces-restorative-transitional-justice\/wp-content\/uploads\/sites\/2\/2023\/04\/COMMON-GROUND-Zhuofan-Chen-Thumbnail-300x178.jpg\" class=\"attachment-medium size-medium wp-image-780\" alt=\"\" srcset=\"https:\/\/leticialistening.com\/spaces-restorative-transitional-justice\/wp-content\/uploads\/sites\/2\/2023\/04\/COMMON-GROUND-Zhuofan-Chen-Thumbnail-300x178.jpg 300w, https:\/\/leticialistening.com\/spaces-restorative-transitional-justice\/wp-content\/uploads\/sites\/2\/2023\/04\/COMMON-GROUND-Zhuofan-Chen-Thumbnail-768x457.jpg 768w, https:\/\/leticialistening.com\/spaces-restorative-transitional-justice\/wp-content\/uploads\/sites\/2\/2023\/04\/COMMON-GROUND-Zhuofan-Chen-Thumbnail-18x12.jpg 18w, https:\/\/leticialistening.com\/spaces-restorative-transitional-justice\/wp-content\/uploads\/sites\/2\/2023\/04\/COMMON-GROUND-Zhuofan-Chen-Thumbnail.jpg 787w\" sizes=\"(max-width: 300px) 100vw, 300px\" \/><\/div><\/a>\n\t\t\t\t<div class=\"elementor-post__badge\">DISE\u00d1OS<\/div>\n\t\t\t\t<div class=\"elementor-post__text\">\n\t\t\t\t<h2 class=\"elementor-post__title\">\n\t\t\t<a href=\"https:\/\/leticialistening.com\/spaces-restorative-transitional-justice\/es\/common-ground\/\" >\n\t\t\t\tCommon Ground\t\t\t<\/a>\n\t\t<\/h2>\n\t\t\n\t\t<a class=\"elementor-post__read-more\" href=\"https:\/\/leticialistening.com\/spaces-restorative-transitional-justice\/es\/common-ground\/\" aria-label=\"M\u00e1s informaci\u00f3n sobre Common Ground\" tabindex=\"-1\" >\n\t\t\tLeer m\u00e1s \u00bb\t\t<\/a>\n\n\t\t\t\t<\/div>\n\t\t\t\t\t<\/div>\n\t\t<\/article>\n\t\t\t\t<\/div>\n\t\t\n\t\t\t\t\t\t<\/div>\n\t\t\t\t<\/div>\n\t\t\t\t\t<\/div>\n\t\t\t\t<\/div>\n\t\t\t\t<\/div>\n\t\t\t\t<\/div>","protected":false},"excerpt":{"rendered":"","protected":false},"author":1,"featured_media":0,"parent":0,"menu_order":0,"comment_status":"closed","ping_status":"closed","template":"","meta":{"_exactmetrics_skip_tracking":false,"_exactmetrics_sitenote_active":false,"_exactmetrics_sitenote_note":"","_exactmetrics_sitenote_category":0,"footnotes":""},"class_list":["post-97","page","type-page","status-publish","hentry"],"_links":{"self":[{"href":"https:\/\/leticialistening.com\/spaces-restorative-transitional-justice\/es\/wp-json\/wp\/v2\/pages\/97","targetHints":{"allow":["GET"]}}],"collection":[{"href":"https:\/\/leticialistening.com\/spaces-restorative-transitional-justice\/es\/wp-json\/wp\/v2\/pages"}],"about":[{"href":"https:\/\/leticialistening.com\/spaces-restorative-transitional-justice\/es\/wp-json\/wp\/v2\/types\/page"}],"author":[{"embeddable":true,"href":"https:\/\/leticialistening.com\/spaces-restorative-transitional-justice\/es\/wp-json\/wp\/v2\/users\/1"}],"replies":[{"embeddable":true,"href":"https:\/\/leticialistening.com\/spaces-restorative-transitional-justice\/es\/wp-json\/wp\/v2\/comments?post=97"}],"version-history":[{"count":22,"href":"https:\/\/leticialistening.com\/spaces-restorative-transitional-justice\/es\/wp-json\/wp\/v2\/pages\/97\/revisions"}],"predecessor-version":[{"id":2662,"href":"https:\/\/leticialistening.com\/spaces-restorative-transitional-justice\/es\/wp-json\/wp\/v2\/pages\/97\/revisions\/2662"}],"wp:attachment":[{"href":"https:\/\/leticialistening.com\/spaces-restorative-transitional-justice\/es\/wp-json\/wp\/v2\/media?parent=97"}],"curies":[{"name":"wp","href":"https:\/\/api.w.org\/{rel}","templated":true}]}}